{"id":3938,"date":"2024-08-19T13:51:23","date_gmt":"2024-08-19T11:51:23","guid":{"rendered":"https:\/\/badminton.lu\/web\/?page_id=3938"},"modified":"2026-03-19T14:59:50","modified_gmt":"2026-03-19T13:59:50","slug":"club","status":"publish","type":"page","link":"https:\/\/badminton.lu\/web\/club\/","title":{"rendered":"Where to play in Luxembourg"},"content":{"rendered":"<div class=\"fusion-fullwidth fullwidth-box fusion-builder-row-1 fusion-flex-container has-pattern-background has-mask-background nonhundred-percent-fullwidth non-hundred-percent-height-scrolling\" style=\"--awb-border-radius-top-left:0px;--awb-border-radius-top-right:0px;--awb-border-radius-bottom-right:0px;--awb-border-radius-bottom-left:0px;--awb-flex-wrap:wrap;\" ><div class=\"fusion-builder-row fusion-row fusion-flex-align-items-flex-start fusion-flex-content-wrap\" style=\"max-width:1248px;margin-left: calc(-4% \/ 2 );margin-right: calc(-4% \/ 2 );\"><div class=\"fusion-layout-column fusion_builder_column fusion-builder-column-0 fusion_builder_column_1_1 1_1 fusion-flex-column\" style=\"--awb-bg-size:cover;--awb-width-large:100%;--awb-margin-top-large:0px;--awb-spacing-right-large:1.92%;--awb-margin-bottom-large:20px;--awb-spacing-left-large:1.92%;--awb-width-medium:100%;--awb-order-medium:0;--awb-spacing-right-medium:1.92%;--awb-spacing-left-medium:1.92%;--awb-width-small:100%;--awb-order-small:0;--awb-spacing-right-small:1.92%;--awb-spacing-left-small:1.92%;\"><div class=\"fusion-column-wrapper fusion-column-has-shadow fusion-flex-justify-content-flex-start fusion-content-layout-column\"><div class=\"fusion-text fusion-text-1\"><h3>Where to play<\/h3>\n<p><strong>La liste de tous les clubs de badminton affili\u00e9 \u00e0 la F\u00e9d\u00e9ration Luxembourgeoise de Badminton.<\/strong><\/p>\n<\/div><iframe src=\"https:\/\/www.google.com\/maps\/d\/u\/1\/embed?mid=1ivB0W7-b1FTzmS9Var8gixps12-3FX0u&ehbc=2E312F\" width=\"auto\" height=\"480\"><\/iframe>\n<div class=\"table-1\" style=\"--awb-margin-top:50px;\">\n<table width=\"100%\">\n<thead>\n<tr>\n<th align=\"left\">City<\/th>\n<th align=\"left\">Club<\/th>\n<th align=\"left\">Email<\/th>\n<th align=\"left\">Website<\/th>\n<th align=\"left\">Instagram<\/th>\n<th align=\"left\">Facebook<\/th>\n<\/tr>\n<\/thead>\n<tbody>\n<tr>\n<td align=\"left\">Bettembourg<\/td>\n<td align=\"left\">Badminton Club BC82 Beetebuerg<\/td>\n<td align=\"left\"><a href=\"mailto:bc82@pt.lu\">Mail<\/a><\/td>\n<td align=\"left\"><a href=\"https:\/\/www.bc82.lu\/\" target=\"_blank\" rel=\"noopener\">Web<\/a><\/td>\n<td align=\"left\"><a href=\"https:\/\/www.instagram.com\/badmintonbeetebuerg\/\" target=\"_blank\" rel=\"noopener\">Instagram<\/a><\/td>\n<td align=\"left\"><a href=\"https:\/\/www.facebook.com\/profile.php?id=100057220428679\" target=\"_blank\" rel=\"noopener\">Facebook<\/a><\/td>\n<\/tr>\n<tr>\n<td align=\"left\">Biwer<\/td>\n<td align=\"left\">Biwer Fiederball Club<\/td>\n<td align=\"left\"><a href=\"mailto:secretariat@biwer-fiederball.lu\">Mail<\/a><\/td>\n<td align=\"left\"><a href=\"https:\/\/www.biwer-fiederball.lu\/\" target=\"_blank\" rel=\"noopener\">Web<\/a><\/td>\n<td align=\"left\">\/<\/td>\n<td align=\"left\"><a href=\"https:\/\/www.facebook.com\/BiwerFiederballClubasbl\" target=\"_blank\" rel=\"noopener\">Facebook<\/a><\/td>\n<\/tr>\n<tr>\n<td align=\"left\">Dauler<\/td>\n<td align=\"left\">Dauler Fiederball<\/td>\n<td align=\"left\"><a href=\"mailto:theoney@pt.lu\">Mail<\/a><\/td>\n<td align=\"left\"><a href=\"https:\/\/www.daulerfb.com\/\" target=\"_blank\" rel=\"noopener\">Web<\/a><\/td>\n<td align=\"left\">\/<\/td>\n<td align=\"left\">\/<\/td>\n<\/tr>\n<tr>\n<td align=\"left\">Differdange<\/td>\n<td align=\"left\">Badminton Club D\u00e9ifferdeng<\/td>\n<td align=\"left\"><a href=\"mailto:bcdifferdange@gmail.com\">Mail<\/a><\/td>\n<td align=\"left\"><a href=\"http:\/\/www.badminton-differdange.com\/\" target=\"_blank\" rel=\"noopener\">Web<\/a><\/td>\n<td align=\"left\"><a href=\"https:\/\/www.instagram.com\/badmintondeifferdeng\" target=\"_blank\" rel=\"noopener\">Instagram<\/a><\/td>\n<td align=\"left\"><a href=\"https:\/\/www.facebook.com\/BadmintonClubDifferdange\" target=\"_blank\" rel=\"noopener\">Facebook<\/a><\/td>\n<\/tr>\n<tr>\n<td align=\"left\">Dudelange<\/td>\n<td align=\"left\">Badminton Club Diddeleng<\/td>\n<td align=\"left\"><a href=\"mailto:bcdiddeleng@gmail.com\">Mail<\/a><\/td>\n<td align=\"left\">\/<\/td>\n<td align=\"left\"><a href=\"https:\/\/www.instagram.com\/badminton_club_diddeleng?igsh=aGR3NWdhdnljaHBq\" target=\"_blank\" rel=\"noopener\">Instagram<\/a><\/td>\n<td align=\"left\"><a href=\"https:\/\/www.facebook.com\/bcdudelange\" target=\"_blank\" rel=\"noopener\">Facebook<\/a><\/td>\n<\/tr>\n<tr>\n<td align=\"left\">Ettelbruck<\/td>\n<td align=\"left\">Badminton Fiederw\u00e4iss Ettelbr\u00e9ck<\/td>\n<td align=\"left\"><a href=\"mailto:secretariat@badminton-ettelbruck.lu\">Mail<\/a><\/td>\n<td align=\"left\"><a href=\"https:\/\/www.badminton-ettelbruck.lu\/\" target=\"_blank\" rel=\"noopener\">Web<\/a><\/td>\n<td align=\"left\"><a href=\"https:\/\/www.instagram.com\/ettelbreck_fiederwaiss\/\" target=\"_blank\" rel=\"noopener\">Instagram<\/a><\/td>\n<td align=\"left\">\/<\/td>\n<\/tr>\n<tr>\n<td align=\"left\">Hobscheid<\/td>\n<td align=\"left\">Badminton Club Hobscheid<\/td>\n<td align=\"left\"><a href=\"mailto:info@bchabscht89.lu\">Mail<\/a><\/td>\n<td align=\"left\"><a href=\"https:\/\/bchabscht89.lu\/\" target=\"_blank\" rel=\"noopener\">Web<\/a><\/td>\n<td align=\"left\">\/<\/td>\n<td align=\"left\">\/<\/td>\n<\/tr>\n<tr>\n<td align=\"left\">Itzig<\/td>\n<td align=\"left\">Fiederball Izeg<\/td>\n<td align=\"left\"><a href=\"mailto:info@fiederball-izeg.lu\">Mail<\/a><\/td>\n<td align=\"left\"><a href=\"https:\/\/www.fiederball-izeg.lu\/news.html\" target=\"_blank\" rel=\"noopener\">Web<\/a><\/td>\n<td align=\"left\"><a href=\"https:\/\/www.instagram.com\/fbizeg\/\" target=\"_blank\" rel=\"noopener\">Instagram<\/a><\/td>\n<td align=\"left\"><a href=\"https:\/\/www.facebook.com\/FiederballIzeg\" target=\"_blank\" rel=\"noopener\">Facebook<\/a><\/td>\n<\/tr>\n<tr>\n<td align=\"left\">Junglinster<\/td>\n<td align=\"left\">Badminton Club Jongl\u00ebnster<\/td>\n<td align=\"left\"><a href=\"mailto:secretariat@bcjonglenster.lu\">Mail<\/a><\/td>\n<td align=\"left\"><a href=\"https:\/\/www.bcjonglenster.lu\/\" target=\"_blank\" rel=\"noopener\">Web<\/a><\/td>\n<td align=\"left\"><a href=\"https:\/\/www.instagram.com\/badmintonjunglinster\/\" target=\"_blank\" rel=\"noopener\">Instagram<\/a><\/td>\n<td align=\"left\"><a href=\"https:\/\/www.facebook.com\/badmintonjonglenster\" target=\"_blank\" rel=\"noopener\">Facebook<\/a><\/td>\n<\/tr>\n<tr>\n<td align=\"left\">Kayl<\/td>\n<td align=\"left\">Badminton Kayldall<\/td>\n<td align=\"left\"><a href=\"mailto:aalbeckesch@hotmail.com\">Mail<\/a><\/td>\n<td align=\"left\"><a href=\"https:\/\/www.bckayldall.com\/\" target=\"_blank\" rel=\"noopener\">Web<\/a><\/td>\n<td align=\"left\"><a href=\"https:\/\/www.instagram.com\/badminton_kayldall_asbl\/\" target=\"_blank\" rel=\"noopener\">Instagram<\/a><\/td>\n<td align=\"left\"><a href=\"https:\/\/www.facebook.com\/badmintonkayldall\" target=\"_blank\" rel=\"noopener\">Facebook<\/a><\/td>\n<\/tr>\n<tr>\n<td align=\"left\">Kehlen<\/td>\n<td align=\"left\">B.I.C.K. &#8211; Badminton International Club Kehlen<\/td>\n<td align=\"left\"><a href=\"mailto:bick@bick.lu\" target=\"_blank\" rel=\"noopener\">Mail<\/a><\/td>\n<td align=\"left\"><a href=\"https:\/\/www.bick.lu\/fr\/\" target=\"_blank\" rel=\"noopener\">Web<\/a><\/td>\n<td align=\"left\">\/<\/td>\n<td align=\"left\">\/<\/td>\n<\/tr>\n<tr>\n<td align=\"left\">Kopstal<\/td>\n<td align=\"left\">Badminton Club Kopstal<\/td>\n<td align=\"left\"><a href=\"mailto:afzal0407@gmail.com\">Mail<\/a><\/td>\n<td align=\"left\"><a href=\"https:\/\/www.bckopstal.lu\" target=\"_blank\" rel=\"noopener\">Web<\/a><\/td>\n<td align=\"left\">\/<\/td>\n<td align=\"left\"><a href=\"https:\/\/www.facebook.com\/BCKopstal\/\" target=\"_blank\" rel=\"noopener\">Facebook<\/a><\/td>\n<\/tr>\n<tr>\n<td align=\"left\">Luxembourg<\/td>\n<td align=\"left\">Badminton Aris<\/td>\n<td align=\"left\"><a href=\"mailto:badminton.aris@gmail.com\">Mail<\/a><\/td>\n<td align=\"left\"><a href=\"https:\/\/www.bcaris.lu\/\" target=\"_blank\" rel=\"noopener\">Web<\/a><\/td>\n<td align=\"left\">\/<\/td>\n<td align=\"left\">\/<\/td>\n<\/tr>\n<tr>\n<td align=\"left\">Luxembourg<\/td>\n<td align=\"left\">Badminton Club Europ\u00e9en<\/td>\n<td align=\"left\"><a href=\"mailto:bceuropeen@gmail.com\">Mail<\/a><\/td>\n<td align=\"left\"><a href=\"https:\/\/www.bceuropeen.com\/\" target=\"_blank\" rel=\"noopener\">Web<\/a><\/td>\n<td align=\"left\"><a href=\"https:\/\/www.instagram.com\/badminton_club_europeen\/\" target=\"_blank\" rel=\"noopener\">Instagram<\/a><\/td>\n<td align=\"left\">\/<\/td>\n<\/tr>\n<tr>\n<td align=\"left\">Reckange\/Mess<\/td>\n<td align=\"left\">Fiederball Reckeng\/Mess<\/td>\n<td align=\"left\"><a href=\"mailto:fkaulman@pt.lu\">Mail<\/a><\/td>\n<td align=\"left\">\/<\/td>\n<td align=\"left\">\/<\/td>\n<td align=\"left\">\/<\/td>\n<\/tr>\n<tr>\n<td align=\"left\">Sandweiler<\/td>\n<td align=\"left\">Badminton Club Sandweiler<\/td>\n<td align=\"left\"><a href=\"mailto:info@bcsandweiler.lu\">Mail<\/a><\/td>\n<td align=\"left\"><a href=\"http:\/\/www.bcsandweiler.lu\/\" target=\"_blank\" rel=\"noopener\">Web<\/a><\/td>\n<td align=\"left\">\/<\/td>\n<td align=\"left\">\/<\/td>\n<\/tr>\n<tr>\n<td align=\"left\">Schifflange<\/td>\n<td align=\"left\">Fiederball 1981 Sch\u00ebffleng<\/td>\n<td align=\"left\"><a href=\"mailto:bcschifflange@gmail.com\">Mail<\/a><\/td>\n<td align=\"left\"><a href=\"https:\/\/www.badminton-schifflange.club\/\" target=\"_blank\" rel=\"noopener\">Web<\/a><\/td>\n<td align=\"left\"><a href=\"https:\/\/www.instagram.com\/badmintonscheffleng\/\" target=\"_blank\" rel=\"noopener\">Instagram<\/a><\/td>\n<td align=\"left\"><a href=\"https:\/\/www.facebook.com\/BadmintonScheffleng\/?locale=de_DE\" target=\"_blank\" rel=\"noopener\">Facebook<\/a><\/td>\n<\/tr>\n<tr>\n<td align=\"left\">Schuttrange<\/td>\n<td align=\"left\">Badminton Club Schuttrange<\/td>\n<td align=\"left\"><a href=\"mailto:robert.p.smit55@gmail.com\">Mail<\/a><\/td>\n<td align=\"left\"><a href=\"https:\/\/bcschuttrange.lu\/\" target=\"_blank\" rel=\"noopener\">Web<\/a><\/td>\n<td align=\"left\">\/<\/td>\n<td align=\"left\"><a href=\"https:\/\/www.facebook.com\/profile.php?id=100057591573187\" target=\"_blank\" rel=\"noopener\">Facebook<\/a><\/td>\n<\/tr>\n<tr>\n<td align=\"left\">Walferdange<\/td>\n<td align=\"left\">Badminton R\u00e9sidence Walfer<\/td>\n<td align=\"left\"><a href=\"mailto:secretariat@brwalfer.lu\">Mail<\/a><\/td>\n<td align=\"left\"><a href=\"http:\/\/www.brwalfer.lu\/\" target=\"_blank\" rel=\"noopener\">Web<\/a><\/td>\n<td align=\"left\"><a href=\"https:\/\/www.instagram.com\/brwalferdange\/\" target=\"_blank\" rel=\"noopener\">Instagram<\/a><\/td>\n<td align=\"left\"><a href=\"https:\/\/www.facebook.com\/brwalfer\" target=\"_blank\" rel=\"noopener\">Facebook<\/a><\/td>\n<\/tr>\n<tr>\n<td align=\"left\">Weiler-la Tour<\/td>\n<td align=\"left\">Badminton Club Weiler-la-Tour 2000<\/td>\n<td align=\"left\"><a href=\"mailto:secretariat@bcweiler2000.lu\">Mail<\/a><\/td>\n<td align=\"left\"><a href=\"https:\/\/bcweiler2000.lu\/\" target=\"_blank\" rel=\"noopener\">Web<\/a><\/td>\n<td align=\"left\"><a href=\"https:\/\/www.instagram.com\/bcweiler2000\/?igsh=MWFyZDR0NXI0ZncxOA%3D%3D\" target=\"_blank\" rel=\"noopener\">Instagram<\/a><\/td>\n<td align=\"left\">\/<\/td>\n<\/tr>\n<\/tbody>\n<\/table>\n<\/div>\n<\/div><\/div><\/div><\/div>\n","protected":false},"excerpt":{"rendered":"","protected":false},"author":8,"featured_media":0,"parent":0,"menu_order":0,"comment_status":"closed","ping_status":"closed","template":"100-width.php","meta":{"footnotes":""},"class_list":["post-3938","page","type-page","status-publish","hentry"],"_links":{"self":[{"href":"https:\/\/badminton.lu\/web\/wp-json\/wp\/v2\/pages\/3938","targetHints":{"allow":["GET"]}}],"collection":[{"href":"https:\/\/badminton.lu\/web\/wp-json\/wp\/v2\/pages"}],"about":[{"href":"https:\/\/badminton.lu\/web\/wp-json\/wp\/v2\/types\/page"}],"author":[{"embeddable":true,"href":"https:\/\/badminton.lu\/web\/wp-json\/wp\/v2\/users\/8"}],"replies":[{"embeddable":true,"href":"https:\/\/badminton.lu\/web\/wp-json\/wp\/v2\/comments?post=3938"}],"version-history":[{"count":13,"href":"https:\/\/badminton.lu\/web\/wp-json\/wp\/v2\/pages\/3938\/revisions"}],"predecessor-version":[{"id":5832,"href":"https:\/\/badminton.lu\/web\/wp-json\/wp\/v2\/pages\/3938\/revisions\/5832"}],"wp:attachment":[{"href":"https:\/\/badminton.lu\/web\/wp-json\/wp\/v2\/media?parent=3938"}],"curies":[{"name":"wp","href":"https:\/\/api.w.org\/{rel}","templated":true}]}}